{"id":184,"date":"2021-10-13T20:28:06","date_gmt":"2021-10-13T23:28:06","guid":{"rendered":"http:\/\/culturadireitoesociedade.mjrdesign.com.br\/?page_id=184"},"modified":"2021-11-04T19:03:12","modified_gmt":"2021-11-04T22:03:12","slug":"elementor-184","status":"publish","type":"page","link":"http:\/\/culturadireitoesociedade.mjrdesign.com.br\/index.php\/elementor-184\/","title":{"rendered":"Informe &#038; Eventos"},"content":{"rendered":"\t\t<div data-elementor-type=\"wp-page\" data-elementor-id=\"184\" class=\"elementor elementor-184\" data-elementor-settings=\"[]\">\n\t\t\t\t\t\t\t<div class=\"elementor-section-wrap\">\n\t\t\t\t\t\t\t<section class=\"elementor-section elementor-top-section elementor-element elementor-element-3d81f4c3 elementor-section-boxed elementor-section-height-default elementor-section-height-default tf-sticky-section tf-sticky-no\" data-id=\"3d81f4c3\" data-element_type=\"section\" data-settings=\"{&quot;background_background&quot;:&quot;classic&quot;,&quot;tf_sticky&quot;:&quot;no&quot;}\">\n\t\t\t\t\t\t\t<div class=\"elementor-background-overlay\"><\/div>\n\t\t\t\t\t\t\t<div class=\"elementor-container elementor-column-gap-default\">\n\t\t\t\t\t<div class=\"elementor-column elementor-col-100 elementor-top-column elementor-element elementor-element-1b62e347\" data-id=\"1b62e347\" data-element_type=\"column\">\n\t\t\t<div class=\"elementor-widget-wrap elementor-element-populated\">\n\t\t\t\t\t\t\t\t<div class=\"elementor-element elementor-element-47d24644 elementor-widget elementor-widget-heading\" data-id=\"47d24644\" data-element_type=\"widget\" data-widget_type=\"heading.default\">\n\t\t\t\t<div class=\"elementor-widget-container\">\n\t\t\t<h5 class=\"elementor-heading-title elementor-size-default\">Informes & Eventos<\/h5>\t\t<\/div>\n\t\t\t\t<\/div>\n\t\t\t\t\t<\/div>\n\t\t<\/div>\n\t\t\t\t\t\t\t<\/div>\n\t\t<\/section>\n\t\t\t\t<section class=\"elementor-section elementor-top-section elementor-element elementor-element-7d38614 elementor-section-boxed elementor-section-height-default elementor-section-height-default tf-sticky-section tf-sticky-no\" data-id=\"7d38614\" data-element_type=\"section\" data-settings=\"{&quot;tf_sticky&quot;:&quot;no&quot;}\">\n\t\t\t\t\t\t<div class=\"elementor-container elementor-column-gap-extended\">\n\t\t\t\t\t<div class=\"elementor-column elementor-col-100 elementor-top-column elementor-element elementor-element-2929795b\" data-id=\"2929795b\" data-element_type=\"column\">\n\t\t\t<div class=\"elementor-widget-wrap elementor-element-populated\">\n\t\t\t\t\t\t\t\t<div class=\"elementor-element elementor-element-28f7bb24 elementor-widget elementor-widget-tfposts\" data-id=\"28f7bb24\" data-element_type=\"widget\" data-widget_type=\"tfposts.default\">\n\t\t\t\t<div class=\"elementor-widget-container\">\n\t\t\t\t\t<div id=\"tf-posts-28f7bb24\" class=\"tf-posts-28f7bb24 tf-posts-wrap column-3 tablet-column-3 mobile-column-1  no-arrow no-bullets grid-styles-default featured-post-top has-underline-category \" data-tabid=\"28f7bb24\" data-class_id=\"tf-posts-28f7bb24\" data-loop=\"\" data-auto=\"\" data-column=\"\" data-column2=\"\" data-column3=\"\" data-spacer=\"\" data-prev_icon=\"\" data-next_icon=\"\" >\t\t\t\r\n\t\t\t<div class=\"tf-posts  grid\">\t\r\n\t\t\t\t\t\t\t\t\t\t\r\n\t\t\t\t\t\t\t\t<div class=\"column\">\r\n\t\t\t\t\t<div class=\"entry blog-post\">\r\n\t\t\t\t\t\t\t\t\t\t\t\t\t\t\t\t\t\t\t\t\t\t\t\t\t\t\t<div class=\"featured-post\">\r\n\t\t\t\t\t\t\t\t\t\t\t\t<img src=\"http:\/\/culturadireitoesociedade.mjrdesign.com.br\/wp-content\/uploads\/2021\/10\/evento2.jpg\" alt=\"image\">\t\t\t\t\t\t\t\t\t\t\t\t\t\t\t\t\t\t\t\t\t\t\t\t<a href=\"http:\/\/culturadireitoesociedade.mjrdesign.com.br\/index.php\/2021\/10\/13\/evento-de-extensao-e-congresso-internacional-dialogos-criticos-nas-perspectivas-pandemicas-justica-global-estado-de-direito-e-direitos-humanos\/\" class=\"overlay\">\r\n\t\t\t\t\t\t\t\t\t\t\t\t\t<i class=\"icon icon-plus\" aria-hidden=\"true\"><\/i>\t\t\t\t\t\t\t\t\t\t\t\t<\/a>\r\n\t\t\t\t\t\t\t\t\t\t\t\t\t\t\t\t\t\t\t\t\t\r\n\t\t\t\t\t\t\t\t\t\t\t<\/div>\r\n\t\t\t\t\t\t\t\t\t\t\t\t\t\t\t\t\t\t\t\t\t\t\r\n\t\t\t\t\t\t\t\t\t\t\t\t\t\t\t\t\t\t\t\t\t\t\t\t\t\t\t\t<div class=\"content\">\r\n\t\t\t\t\t\t\t\t\t\t\t\t\t\t\t\t\t\t\t\t\t\t\t\t\t\t\t\r\n\t\t\t\t\t\t\t\t\t\t\r\n\t\t\t\t\t\t\t\t\t\t\t\t\t\t\t\t\t\t\t\t\t<h2 class=\"title\"><a href=\"http:\/\/culturadireitoesociedade.mjrdesign.com.br\/index.php\/2021\/10\/13\/evento-de-extensao-e-congresso-internacional-dialogos-criticos-nas-perspectivas-pandemicas-justica-global-estado-de-direito-e-direitos-humanos\/\" title=\"Evento de Extens\u00e3o e Congresso Internacional Di\u00e1logos Cr\u00edticos nas Perspectivas Pand\u00eamicas: Justi\u00e7a Global, Estado de Direito e Direitos Humanos\">Evento de Extens\u00e3o e Congresso Internacional Di\u00e1logos Cr\u00edticos nas Perspectivas Pand\u00eamicas: Justi\u00e7a Global, Estado de Direito e Direitos Humanos<\/a><\/h2>\r\n\t\t\t\t\t\t\t\t\t\t\r\n\t\t\t\t\t\t\t\t\t\t\t\t\t\t\t\t\t\t\t\t\t\t\t\t\t\t\t\t\t\t\t\t\t<ul class=\"post-meta\">\r\n\t\t\t\t\t\t\t\t\t\t\t\t\t\r\n\t\t\t\t\t\t\t\t\t\t\t\t\t\r\n\t\t\t\t\t\t\t\t\t\t\t\t\t\r\n\t\t\t\t\t\t\t\t\t\t\t\t\t\t\t\t\t\t\t\t\t\t\t\t\t<\/ul>\r\n\t\t\t\t\t\t\t\t\t\t\t\t\t\t\t\t\t\r\n\t\t\t\t\t\t\t\t\t\t\r\n\t\t\t\t\t\t\t\t\t\t\r\n\t\t\t\t\t\t\t\t\t\t\t\t\t\t\t\t\t\t\t\t\r\n\t\t\t\t\t\t\t\t\t\t\t\t\t\t\t\t\t\t\t\t\t<div class=\"tf-button-container right\">\r\n\t\t\t\t\t\t\t\t\t\t\t\t<a href=\"http:\/\/culturadireitoesociedade.mjrdesign.com.br\/index.php\/2021\/10\/13\/evento-de-extensao-e-congresso-internacional-dialogos-criticos-nas-perspectivas-pandemicas-justica-global-estado-de-direito-e-direitos-humanos\/\" class=\"tf-button bt_icon_after\">\r\n\t\t\t\t\t\t\t\t\t\t\t\t\t<i class=\"fas fa-arrow-right\" aria-hidden=\"true\"><\/i> \r\n\t\t\t\t\t\t\t\t\t\t\t\t<\/a>\r\n\t\t\t\t\t\t\t\t\t\t\t<\/div>\r\n\t\t\t\t\t\t\t\t\t\t\t\t\t\t\t\t\r\n\t\t\t\t\t\t\t\t\t<\/div>\r\n\t\t\t\t\t\t\t\t\t\t\t\t\t\t\t\t\r\n\t\t\t\t\t<\/div>\r\n\t\t\t\t<\/div>\r\n\t\t\t\t\t\t\t\t<div class=\"column\">\r\n\t\t\t\t\t<div class=\"entry blog-post\">\r\n\t\t\t\t\t\t\t\t\t\t\t\t\t\t\t\t\t\t\t\t\t\t\t\t\t\t\t<div class=\"featured-post\">\r\n\t\t\t\t\t\t\t\t\t\t\t\t<img src=\"http:\/\/culturadireitoesociedade.mjrdesign.com.br\/wp-content\/uploads\/2021\/10\/evento1.jpg\" alt=\"image\">\t\t\t\t\t\t\t\t\t\t\t\t\t\t\t\t\t\t\t\t\t\t\t\t<a href=\"http:\/\/culturadireitoesociedade.mjrdesign.com.br\/index.php\/2021\/10\/13\/evento-de-extensao-dialogos-criticos-e-perspectivas-pandemicas-em-dialogo-com-direitos-humanos-e-parcerias-com-organizacoes-internacionais\/\" class=\"overlay\">\r\n\t\t\t\t\t\t\t\t\t\t\t\t\t<i class=\"icon icon-plus\" aria-hidden=\"true\"><\/i>\t\t\t\t\t\t\t\t\t\t\t\t<\/a>\r\n\t\t\t\t\t\t\t\t\t\t\t\t\t\t\t\t\t\t\t\t\t\r\n\t\t\t\t\t\t\t\t\t\t\t<\/div>\r\n\t\t\t\t\t\t\t\t\t\t\t\t\t\t\t\t\t\t\t\t\t\t\r\n\t\t\t\t\t\t\t\t\t\t\t\t\t\t\t\t\t\t\t\t\t\t\t\t\t\t\t\t<div class=\"content\">\r\n\t\t\t\t\t\t\t\t\t\t\t\t\t\t\t\t\t\t\t\t\t\t\t\t\t\t\t\r\n\t\t\t\t\t\t\t\t\t\t\r\n\t\t\t\t\t\t\t\t\t\t\t\t\t\t\t\t\t\t\t\t\t<h2 class=\"title\"><a href=\"http:\/\/culturadireitoesociedade.mjrdesign.com.br\/index.php\/2021\/10\/13\/evento-de-extensao-dialogos-criticos-e-perspectivas-pandemicas-em-dialogo-com-direitos-humanos-e-parcerias-com-organizacoes-internacionais\/\" title=\"Evento de Extens\u00e3o \u201cDi\u00e1logos Cr\u00edticos e Perspectivas Pand\u00eamicas\u201d, em di\u00e1logo com direitos humanos e parcerias com organiza\u00e7\u00f5es internacionais.\">Evento de Extens\u00e3o \u201cDi\u00e1logos Cr\u00edticos e Perspectivas Pand\u00eamicas\u201d, em di\u00e1logo com direitos humanos e parcerias com organiza\u00e7\u00f5es internacionais.<\/a><\/h2>\r\n\t\t\t\t\t\t\t\t\t\t\r\n\t\t\t\t\t\t\t\t\t\t\t\t\t\t\t\t\t\t\t\t\t\t\t\t\t\t\t\t\t\t\t\t\t<ul class=\"post-meta\">\r\n\t\t\t\t\t\t\t\t\t\t\t\t\t\r\n\t\t\t\t\t\t\t\t\t\t\t\t\t\r\n\t\t\t\t\t\t\t\t\t\t\t\t\t\r\n\t\t\t\t\t\t\t\t\t\t\t\t\t\t\t\t\t\t\t\t\t\t\t\t\t<\/ul>\r\n\t\t\t\t\t\t\t\t\t\t\t\t\t\t\t\t\t\r\n\t\t\t\t\t\t\t\t\t\t\r\n\t\t\t\t\t\t\t\t\t\t\r\n\t\t\t\t\t\t\t\t\t\t\t\t\t\t\t\t\t\t\t\t\r\n\t\t\t\t\t\t\t\t\t\t\t\t\t\t\t\t\t\t\t\t\t<div class=\"tf-button-container right\">\r\n\t\t\t\t\t\t\t\t\t\t\t\t<a href=\"http:\/\/culturadireitoesociedade.mjrdesign.com.br\/index.php\/2021\/10\/13\/evento-de-extensao-dialogos-criticos-e-perspectivas-pandemicas-em-dialogo-com-direitos-humanos-e-parcerias-com-organizacoes-internacionais\/\" class=\"tf-button bt_icon_after\">\r\n\t\t\t\t\t\t\t\t\t\t\t\t\t<i class=\"fas fa-arrow-right\" aria-hidden=\"true\"><\/i> \r\n\t\t\t\t\t\t\t\t\t\t\t\t<\/a>\r\n\t\t\t\t\t\t\t\t\t\t\t<\/div>\r\n\t\t\t\t\t\t\t\t\t\t\t\t\t\t\t\t\r\n\t\t\t\t\t\t\t\t\t<\/div>\r\n\t\t\t\t\t\t\t\t\t\t\t\t\t\t\t\t\r\n\t\t\t\t\t<\/div>\r\n\t\t\t\t<\/div>\r\n\t\t\t\t\t\t\t\t<div class=\"column\">\r\n\t\t\t\t\t<div class=\"entry blog-post\">\r\n\t\t\t\t\t\t\t\t\t\t\t\t\t\t\t\t\t\t\t\t\t\t\t\t\t\t\t<div class=\"featured-post\">\r\n\t\t\t\t\t\t\t\t\t\t\t\t<img src=\"http:\/\/culturadireitoesociedade.mjrdesign.com.br\/wp-content\/uploads\/2021\/10\/evento3.jpg\" alt=\"image\">\t\t\t\t\t\t\t\t\t\t\t\t\t\t\t\t\t\t\t\t\t\t\t\t<a href=\"http:\/\/culturadireitoesociedade.mjrdesign.com.br\/index.php\/2021\/10\/13\/evento-de-extensao-direitos-humanos-e-a-crise-global-com-convidados-do-brasil-e-exterior\/\" class=\"overlay\">\r\n\t\t\t\t\t\t\t\t\t\t\t\t\t<i class=\"icon icon-plus\" aria-hidden=\"true\"><\/i>\t\t\t\t\t\t\t\t\t\t\t\t<\/a>\r\n\t\t\t\t\t\t\t\t\t\t\t\t\t\t\t\t\t\t\t\t\t\r\n\t\t\t\t\t\t\t\t\t\t\t<\/div>\r\n\t\t\t\t\t\t\t\t\t\t\t\t\t\t\t\t\t\t\t\t\t\t\r\n\t\t\t\t\t\t\t\t\t\t\t\t\t\t\t\t\t\t\t\t\t\t\t\t\t\t\t\t<div class=\"content\">\r\n\t\t\t\t\t\t\t\t\t\t\t\t\t\t\t\t\t\t\t\t\t\t\t\t\t\t\t\r\n\t\t\t\t\t\t\t\t\t\t\r\n\t\t\t\t\t\t\t\t\t\t\t\t\t\t\t\t\t\t\t\t\t<h2 class=\"title\"><a href=\"http:\/\/culturadireitoesociedade.mjrdesign.com.br\/index.php\/2021\/10\/13\/evento-de-extensao-direitos-humanos-e-a-crise-global-com-convidados-do-brasil-e-exterior\/\" title=\"Evento de Extens\u00e3o \u201cDireitos Humanos e a Crise Global\u201d, com convidados do Brasil e exterior.\">Evento de Extens\u00e3o \u201cDireitos Humanos e a Crise Global\u201d, com convidados do Brasil e exterior.<\/a><\/h2>\r\n\t\t\t\t\t\t\t\t\t\t\r\n\t\t\t\t\t\t\t\t\t\t\t\t\t\t\t\t\t\t\t\t\t\t\t\t\t\t\t\t\t\t\t\t\t<ul class=\"post-meta\">\r\n\t\t\t\t\t\t\t\t\t\t\t\t\t\r\n\t\t\t\t\t\t\t\t\t\t\t\t\t\r\n\t\t\t\t\t\t\t\t\t\t\t\t\t\r\n\t\t\t\t\t\t\t\t\t\t\t\t\t\t\t\t\t\t\t\t\t\t\t\t\t<\/ul>\r\n\t\t\t\t\t\t\t\t\t\t\t\t\t\t\t\t\t\r\n\t\t\t\t\t\t\t\t\t\t\r\n\t\t\t\t\t\t\t\t\t\t\r\n\t\t\t\t\t\t\t\t\t\t\t\t\t\t\t\t\t\t\t\t\r\n\t\t\t\t\t\t\t\t\t\t\t\t\t\t\t\t\t\t\t\t\t<div class=\"tf-button-container right\">\r\n\t\t\t\t\t\t\t\t\t\t\t\t<a href=\"http:\/\/culturadireitoesociedade.mjrdesign.com.br\/index.php\/2021\/10\/13\/evento-de-extensao-direitos-humanos-e-a-crise-global-com-convidados-do-brasil-e-exterior\/\" class=\"tf-button bt_icon_after\">\r\n\t\t\t\t\t\t\t\t\t\t\t\t\t<i class=\"fas fa-arrow-right\" aria-hidden=\"true\"><\/i> \r\n\t\t\t\t\t\t\t\t\t\t\t\t<\/a>\r\n\t\t\t\t\t\t\t\t\t\t\t<\/div>\r\n\t\t\t\t\t\t\t\t\t\t\t\t\t\t\t\t\r\n\t\t\t\t\t\t\t\t\t<\/div>\r\n\t\t\t\t\t\t\t\t\t\t\t\t\t\t\t\t\r\n\t\t\t\t\t<\/div>\r\n\t\t\t\t<\/div>\r\n\t\t\t\t\t\t\t\t<div class=\"column\">\r\n\t\t\t\t\t<div class=\"entry blog-post\">\r\n\t\t\t\t\t\t\t\t\t\t\t\t\t\t\t\t\t\t\t\t\t\t\t\t\t\t\t<div class=\"featured-post\">\r\n\t\t\t\t\t\t\t\t\t\t\t\t<img src=\"http:\/\/culturadireitoesociedade.mjrdesign.com.br\/wp-content\/uploads\/2021\/10\/evento4.jpg\" alt=\"image\">\t\t\t\t\t\t\t\t\t\t\t\t\t\t\t\t\t\t\t\t\t\t\t\t<a href=\"http:\/\/culturadireitoesociedade.mjrdesign.com.br\/index.php\/2021\/10\/13\/organizacao-do-evento-conferencias-ufpb-violencia-em-tempos-de-covid-19-em-parceria-com-instituicoes-nacionais-e-internacionais\/\" class=\"overlay\">\r\n\t\t\t\t\t\t\t\t\t\t\t\t\t<i class=\"icon icon-plus\" aria-hidden=\"true\"><\/i>\t\t\t\t\t\t\t\t\t\t\t\t<\/a>\r\n\t\t\t\t\t\t\t\t\t\t\t\t\t\t\t\t\t\t\t\t\t\r\n\t\t\t\t\t\t\t\t\t\t\t<\/div>\r\n\t\t\t\t\t\t\t\t\t\t\t\t\t\t\t\t\t\t\t\t\t\t\r\n\t\t\t\t\t\t\t\t\t\t\t\t\t\t\t\t\t\t\t\t\t\t\t\t\t\t\t\t<div class=\"content\">\r\n\t\t\t\t\t\t\t\t\t\t\t\t\t\t\t\t\t\t\t\t\t\t\t\t\t\t\t\r\n\t\t\t\t\t\t\t\t\t\t\r\n\t\t\t\t\t\t\t\t\t\t\t\t\t\t\t\t\t\t\t\t\t<h2 class=\"title\"><a href=\"http:\/\/culturadireitoesociedade.mjrdesign.com.br\/index.php\/2021\/10\/13\/organizacao-do-evento-conferencias-ufpb-violencia-em-tempos-de-covid-19-em-parceria-com-instituicoes-nacionais-e-internacionais\/\" title=\"Organiza\u00e7\u00e3o do Evento \u201cConfer\u00eancias UFPB: Viol\u00eancia em tempos de COVID-19\u201d, em parceria com institui\u00e7\u00f5es nacionais e internacionais.\">Organiza\u00e7\u00e3o do Evento \u201cConfer\u00eancias UFPB: Viol\u00eancia em tempos de COVID-19\u201d, em parceria com institui\u00e7\u00f5es nacionais e internacionais.<\/a><\/h2>\r\n\t\t\t\t\t\t\t\t\t\t\r\n\t\t\t\t\t\t\t\t\t\t\t\t\t\t\t\t\t\t\t\t\t\t\t\t\t\t\t\t\t\t\t\t\t<ul class=\"post-meta\">\r\n\t\t\t\t\t\t\t\t\t\t\t\t\t\r\n\t\t\t\t\t\t\t\t\t\t\t\t\t\r\n\t\t\t\t\t\t\t\t\t\t\t\t\t\r\n\t\t\t\t\t\t\t\t\t\t\t\t\t\t\t\t\t\t\t\t\t\t\t\t\t<\/ul>\r\n\t\t\t\t\t\t\t\t\t\t\t\t\t\t\t\t\t\r\n\t\t\t\t\t\t\t\t\t\t\r\n\t\t\t\t\t\t\t\t\t\t\r\n\t\t\t\t\t\t\t\t\t\t\t\t\t\t\t\t\t\t\t\t\r\n\t\t\t\t\t\t\t\t\t\t\t\t\t\t\t\t\t\t\t\t\t<div class=\"tf-button-container right\">\r\n\t\t\t\t\t\t\t\t\t\t\t\t<a href=\"http:\/\/culturadireitoesociedade.mjrdesign.com.br\/index.php\/2021\/10\/13\/organizacao-do-evento-conferencias-ufpb-violencia-em-tempos-de-covid-19-em-parceria-com-instituicoes-nacionais-e-internacionais\/\" class=\"tf-button bt_icon_after\">\r\n\t\t\t\t\t\t\t\t\t\t\t\t\t<i class=\"fas fa-arrow-right\" aria-hidden=\"true\"><\/i> \r\n\t\t\t\t\t\t\t\t\t\t\t\t<\/a>\r\n\t\t\t\t\t\t\t\t\t\t\t<\/div>\r\n\t\t\t\t\t\t\t\t\t\t\t\t\t\t\t\t\r\n\t\t\t\t\t\t\t\t\t<\/div>\r\n\t\t\t\t\t\t\t\t\t\t\t\t\t\t\t\t\r\n\t\t\t\t\t<\/div>\r\n\t\t\t\t<\/div>\r\n\t\t\t\t\t\t\t\t<div class=\"column\">\r\n\t\t\t\t\t<div class=\"entry blog-post\">\r\n\t\t\t\t\t\t\t\t\t\t\t\t\t\t\t\t\t\t\t\t\t\t\t\t\t\t\t<div class=\"featured-post\">\r\n\t\t\t\t\t\t\t\t\t\t\t\t<img src=\"http:\/\/culturadireitoesociedade.mjrdesign.com.br\/wp-content\/uploads\/2021\/10\/evento6.jpg\" alt=\"image\">\t\t\t\t\t\t\t\t\t\t\t\t\t\t\t\t\t\t\t\t\t\t\t\t<a href=\"http:\/\/culturadireitoesociedade.mjrdesign.com.br\/index.php\/2021\/10\/13\/evento-de-extensao-direitos-humanos-e-reformas-normativas-avancos-ou-retrocessos-em-parceria-com-a-ufpa\/\" class=\"overlay\">\r\n\t\t\t\t\t\t\t\t\t\t\t\t\t<i class=\"icon icon-plus\" aria-hidden=\"true\"><\/i>\t\t\t\t\t\t\t\t\t\t\t\t<\/a>\r\n\t\t\t\t\t\t\t\t\t\t\t\t\t\t\t\t\t\t\t\t\t\r\n\t\t\t\t\t\t\t\t\t\t\t<\/div>\r\n\t\t\t\t\t\t\t\t\t\t\t\t\t\t\t\t\t\t\t\t\t\t\r\n\t\t\t\t\t\t\t\t\t\t\t\t\t\t\t\t\t\t\t\t\t\t\t\t\t\t\t\t<div class=\"content\">\r\n\t\t\t\t\t\t\t\t\t\t\t\t\t\t\t\t\t\t\t\t\t\t\t\t\t\t\t\r\n\t\t\t\t\t\t\t\t\t\t\r\n\t\t\t\t\t\t\t\t\t\t\t\t\t\t\t\t\t\t\t\t\t<h2 class=\"title\"><a href=\"http:\/\/culturadireitoesociedade.mjrdesign.com.br\/index.php\/2021\/10\/13\/evento-de-extensao-direitos-humanos-e-reformas-normativas-avancos-ou-retrocessos-em-parceria-com-a-ufpa\/\" title=\"Evento de Extens\u00e3o \u201cDireitos Humanos e Reformas Normativas: avan\u00e7os ou retrocessos?\u201d, em parceria com a UFPA.\">Evento de Extens\u00e3o \u201cDireitos Humanos e Reformas Normativas: avan\u00e7os ou retrocessos?\u201d, em parceria com a UFPA.<\/a><\/h2>\r\n\t\t\t\t\t\t\t\t\t\t\r\n\t\t\t\t\t\t\t\t\t\t\t\t\t\t\t\t\t\t\t\t\t\t\t\t\t\t\t\t\t\t\t\t\t<ul class=\"post-meta\">\r\n\t\t\t\t\t\t\t\t\t\t\t\t\t\r\n\t\t\t\t\t\t\t\t\t\t\t\t\t\r\n\t\t\t\t\t\t\t\t\t\t\t\t\t\r\n\t\t\t\t\t\t\t\t\t\t\t\t\t\t\t\t\t\t\t\t\t\t\t\t\t<\/ul>\r\n\t\t\t\t\t\t\t\t\t\t\t\t\t\t\t\t\t\r\n\t\t\t\t\t\t\t\t\t\t\r\n\t\t\t\t\t\t\t\t\t\t\r\n\t\t\t\t\t\t\t\t\t\t\t\t\t\t\t\t\t\t\t\t\r\n\t\t\t\t\t\t\t\t\t\t\t\t\t\t\t\t\t\t\t\t\t<div class=\"tf-button-container right\">\r\n\t\t\t\t\t\t\t\t\t\t\t\t<a href=\"http:\/\/culturadireitoesociedade.mjrdesign.com.br\/index.php\/2021\/10\/13\/evento-de-extensao-direitos-humanos-e-reformas-normativas-avancos-ou-retrocessos-em-parceria-com-a-ufpa\/\" class=\"tf-button bt_icon_after\">\r\n\t\t\t\t\t\t\t\t\t\t\t\t\t<i class=\"fas fa-arrow-right\" aria-hidden=\"true\"><\/i> \r\n\t\t\t\t\t\t\t\t\t\t\t\t<\/a>\r\n\t\t\t\t\t\t\t\t\t\t\t<\/div>\r\n\t\t\t\t\t\t\t\t\t\t\t\t\t\t\t\t\r\n\t\t\t\t\t\t\t\t\t<\/div>\r\n\t\t\t\t\t\t\t\t\t\t\t\t\t\t\t\t\r\n\t\t\t\t\t<\/div>\r\n\t\t\t\t<\/div>\r\n\t\t\t\t\t\t\t\t\t\t\t<\/div>\r\n\r\n\t\t\t\t\t\t<nav class=\"navigation navigation-numeric-link\" role=\"navigation\">\r\n\t\t\t\t<div class=\"pagination loop-pagination center\">\r\n\t\t\t\t\t\t\t\t<\/div>\r\n\t\t\t<\/nav>\r\n\t\t\t\t\t<\/div>\r\n\r\n\t\t\t\t<\/div>\n\t\t\t\t<\/div>\n\t\t\t\t\t<\/div>\n\t\t<\/div>\n\t\t\t\t\t\t\t<\/div>\n\t\t<\/section>\n\t\t\t\t\t\t<\/div>\n\t\t\t\t\t<\/div>\n\t\t","protected":false},"excerpt":{"rendered":"<p>Informes &#038; Eventos Evento de Extens\u00e3o e Congresso Internacional Di\u00e1logos Cr\u00edticos nas Perspectivas Pand\u00eamicas: Justi\u00e7a Global, Estado de Direito e Direitos Humanos Evento de Extens\u00e3o \u201cDi\u00e1logos Cr\u00edticos e Perspectivas Pand\u00eamicas\u201d, em di\u00e1logo com direitos humanos e parcerias com organiza\u00e7\u00f5es internacionais. Evento de Extens\u00e3o \u201cDireitos Humanos e a Crise Global\u201d, com convidados do Brasil e exterior. [&hellip;]<\/p>\n","protected":false},"author":1,"featured_media":0,"parent":0,"menu_order":0,"comment_status":"closed","ping_status":"closed","template":"","meta":{"om_disable_all_campaigns":false,"_mi_skip_tracking":false},"_links":{"self":[{"href":"http:\/\/culturadireitoesociedade.mjrdesign.com.br\/index.php\/wp-json\/wp\/v2\/pages\/184"}],"collection":[{"href":"http:\/\/culturadireitoesociedade.mjrdesign.com.br\/index.php\/wp-json\/wp\/v2\/pages"}],"about":[{"href":"http:\/\/culturadireitoesociedade.mjrdesign.com.br\/index.php\/wp-json\/wp\/v2\/types\/page"}],"author":[{"embeddable":true,"href":"http:\/\/culturadireitoesociedade.mjrdesign.com.br\/index.php\/wp-json\/wp\/v2\/users\/1"}],"replies":[{"embeddable":true,"href":"http:\/\/culturadireitoesociedade.mjrdesign.com.br\/index.php\/wp-json\/wp\/v2\/comments?post=184"}],"version-history":[{"count":50,"href":"http:\/\/culturadireitoesociedade.mjrdesign.com.br\/index.php\/wp-json\/wp\/v2\/pages\/184\/revisions"}],"predecessor-version":[{"id":932,"href":"http:\/\/culturadireitoesociedade.mjrdesign.com.br\/index.php\/wp-json\/wp\/v2\/pages\/184\/revisions\/932"}],"wp:attachment":[{"href":"http:\/\/culturadireitoesociedade.mjrdesign.com.br\/index.php\/wp-json\/wp\/v2\/media?parent=184"}],"curies":[{"name":"wp","href":"https:\/\/api.w.org\/{rel}","templated":true}]}}